{"id":131,"date":"2022-09-17T17:31:20","date_gmt":"2022-09-17T15:31:20","guid":{"rendered":"https:\/\/eyhrocoaching.com\/?page_id=131"},"modified":"2023-01-03T12:26:37","modified_gmt":"2023-01-03T11:26:37","slug":"eyhrocoaching","status":"publish","type":"page","link":"https:\/\/eyhrocoaching.com\/","title":{"rendered":"Eyhrocoaching"},"content":{"rendered":"<p><!-- DEBUT BLOCK 2 ============================================================================= --><\/p>\n<div class=\"wp-block-group av-column-10 wp-container-2 is-vertical post-items mx-auto eyhro-block\">\n<h1 style=\"margin-bottom:20px;\">Coach League of Legends\u2122<\/h1>\n<h3>Fini le d\u00e9sespoir et le tilt !<\/h3>\n<h3 style=\"margin-bottom:20px;\">J\u2019ai les solutions \u00e0 tes probl\u00e8mes !&nbsp;<\/h3>\n<p>Je t\u2019offre une formation gratuite dans laquelle je vais t\u2019apprendre toutes les bonnes habitudes de SoloQ pour atteindre le rang que tu d\u00e9sires et dire adieu \u00e0 ton tilt.<\/p>\n<div class=\"eyhro-form\">\n<script>(function() {\n\twindow.mc4wp = window.mc4wp || {\n\t\tlisteners: [],\n\t\tforms: {\n\t\t\ton: function(evt, cb) {\n\t\t\t\twindow.mc4wp.listeners.push(\n\t\t\t\t\t{\n\t\t\t\t\t\tevent   : evt,\n\t\t\t\t\t\tcallback: cb\n\t\t\t\t\t}\n\t\t\t\t);\n\t\t\t}\n\t\t}\n\t}\n})();\n<\/script><!-- Mailchimp for WordPress v4.8.8 - https:\/\/wordpress.org\/plugins\/mailchimp-for-wp\/ --><form id=\"mc4wp-form-1\" class=\"mc4wp-form mc4wp-form-94\" method=\"post\" data-id=\"94\" data-name=\"Acc\u00e8des \u00e0 ta formation gratuite\" ><div class=\"mc4wp-form-fields\"><p>\r\n    <label>Pr\u00e9nom<\/label>\r\n    <input type=\"text\" name=\"FNAME\" required>\r\n<\/p>\r\n\r\n<p>\r\n    <label>Date de naissance<\/label>\r\n    <input type=\"text\" name=\"BIRTHDAY\" required>\r\n<\/p>\r\n<p>\r\n\t<label>Mail: \r\n\t\t<input type=\"email\" name=\"EMAIL\" placeholder=\"Ton mail\" required \/>\r\n<\/label>\r\n<\/p>\r\n\r\n<p>\r\n\t<input type=\"submit\" value=\"Je veux ma formation gratuite !\" \/>\r\n<\/p><\/div><label style=\"display: none !important;\">Leave this field empty if you're human: <input type=\"text\" name=\"_mc4wp_honeypot\" value=\"\" tabindex=\"-1\" autocomplete=\"off\" \/><\/label><input type=\"hidden\" name=\"_mc4wp_timestamp\" value=\"1776416462\" \/><input type=\"hidden\" name=\"_mc4wp_form_id\" value=\"94\" \/><input type=\"hidden\" name=\"_mc4wp_form_element_id\" value=\"mc4wp-form-1\" \/><div class=\"mc4wp-response\"><\/div><\/form><!-- \/ Mailchimp for WordPress Plugin --><\/div>\n<\/div>\n<p><!-- --><br \/>\n<!-- FIN BLOCK 1 ============================================================================= --><\/p>\n<p><!-- DEBUT BLOCK 2 ============================================================================= --><\/p>\n<div class=\"wp-block-group av-column-10 wp-container-2 is-vertical post-items mx-auto eyhro-block\">\n<h3>Tu en as marre d\u2019\u00eatre bloqu\u00e9 au m\u00eame elo ?<\/h3>\n<h3>Tu es fatigu\u00e9 de ne pas savoir quoi faire pour t\u2019am\u00e9liorer ?<\/h3>\n<h3 style=\"margin-bottom:10px;\">Tu veux gagner du temps et monter en elo plus rapidement ?<\/h3>\n<h3 style=\"margin-bottom:20px;\">Alors, mon coaching est fait pour toi !<\/h3>\n<p class=\"eyhro-highlight\">Gagne du <strong>temps<\/strong> :<\/p>\n<p>Je te livre les meilleures m\u00e9thodes et exercices qui m\u2019ont permis d\u2019atteindre le <strong>Challenger<\/strong>, pour te permettre de progresser en un temps record !<\/p>\n<p class=\"eyhro-highlight\">Ton <strong>exp\u00e9rience<\/strong> est ma priorit\u00e9 :<\/p>\n<p>Je propose une exp\u00e9rience unique, adapt\u00e9e \u00e0 ton niveau, tes besoins et ta personnalit\u00e9.<\/p>\n<p class=\"eyhro-highlight\">Traque ton <strong>\u00e9volution<\/strong> en temps r\u00e9el :&nbsp;<\/p>\n<p>Un r\u00e9el suivi est mis en place, objectifs, champion pool, gains de elo, difficult\u00e9s actuelles, le suivi retrace toute ton \u00e9volution et sera accessible en tout temps.<\/p>\n<p class=\"eyhro-highlight\">Le plus <strong>haut niveau<\/strong> de League of Legends disponible :<\/p>\n<p>Le plus haut niveau disponible est rendu accessible pour tous au travers de ma formation.<\/p>\n<\/div>\n<p><!-- FIN BLOCK 2 ============================================================================= --><\/p>\n<p><!-- DEBUT BLOCK 3 ============================================================================= --><\/p>\n<div class=\"wp-block-group av-column-10 wp-container-2 is-vertical post-items mx-auto eyhro-block\">\n<p class=\"eyhro-highlight\">Avec mes <strong>6 ans<\/strong> pass\u00e9s dans l\u2019<strong>Esport<\/strong> et mon exp\u00e9rience en <strong>Challenger<\/strong> SoloQ, tu vas t\u2019am\u00e9liorer que tu sois <strong>Fer<\/strong> ou <strong>Challenger<\/strong> !<\/p>\n<p><strong>shisui68<\/strong><br \/>\n27\/10\/2021<br \/>\nCoach tr\u00e8s comp\u00e9tent, agr\u00e9able et clair, je recommande.<\/p>\n<p><strong>Tatan<\/strong><br \/>\n24\/11\/2021<br \/>\nGiga bon conseil, runes et sets aux p&rsquo;tits oignions, h\u00e2te de voir ce que \u00e7a va donner in-game, on sent la ma\u00eetrise<br \/>\net la passion du jeu !<br \/>\nH\u00e2te de pouvoir remettre le coaching histoire de continuer sur cette superbe lanc\u00e9 ! Merci encore<\/p>\n<p><strong>Nequiz<\/strong><br \/>\n14\/01\/2022<br \/>\nTr\u00e8s bon coaching, instructif es sympathique je conseille<\/p>\n<\/div>\n<p><!-- FIN BLOCK 3 ============================================================================= --><\/p>\n<p><!-- DEBUT BLOCK 4 ============================================================================= --><\/p>\n<div class=\"wp-block-group av-column-10 wp-container-2 is-vertical post-items mx-auto eyhro-block\">\n<h1 style=\"margin-bottom:30px;\">Ils soutiennent la formation :<\/h1>\n<div class=\"eyhro-row\">\n<div class=\"eyhro-column\">\nKilian Audroin<br \/>\nCoach chez LDLC OL<br \/>\nDouble champion LFL 2022<br \/>\n<a href=\"https:\/\/twitter.com\/Kiki_coaching\" target=\"_blank\" rel=\"noopener\"><br \/>\n<svg xmlns=\"http:\/\/www.w3.org\/2000\/svg\" x=\"0px\" y=\"0px\" width=\"30\" height=\"30\" viewBox=\"0 0 30 30\" style=\" fill:#000000;\">    <path d=\"M28,6.937c-0.957,0.425-1.985,0.711-3.064,0.84c1.102-0.66,1.947-1.705,2.345-2.951c-1.03,0.611-2.172,1.055-3.388,1.295 c-0.973-1.037-2.359-1.685-3.893-1.685c-2.946,0-5.334,2.389-5.334,5.334c0,0.418,0.048,0.826,0.138,1.215 c-4.433-0.222-8.363-2.346-10.995-5.574C3.351,6.199,3.088,7.115,3.088,8.094c0,1.85,0.941,3.483,2.372,4.439 c-0.874-0.028-1.697-0.268-2.416-0.667c0,0.023,0,0.044,0,0.067c0,2.585,1.838,4.741,4.279,5.23 c-0.447,0.122-0.919,0.187-1.406,0.187c-0.343,0-0.678-0.034-1.003-0.095c0.679,2.119,2.649,3.662,4.983,3.705 c-1.825,1.431-4.125,2.284-6.625,2.284c-0.43,0-0.855-0.025-1.273-0.075c2.361,1.513,5.164,2.396,8.177,2.396 c9.812,0,15.176-8.128,15.176-15.177c0-0.231-0.005-0.461-0.015-0.69C26.38,8.945,27.285,8.006,28,6.937z\"><\/path><\/svg><br \/>\n<\/a><\/div>\n<div class=\"eyhro-column\">\n<img src=\"https:\/\/eyhrocoaching.com\/wp-content\/uploads\/2022\/09\/Kiki_Coach_320x336.jpg\" alt=\"\" class=\"wp-image-230\" width=\"320\"><\/div>\n<\/div>\n<div class=\"eyhro-row\">\n<div class=\"eyhro-column\">\nGa\u00ebthan Baron<br \/>\nJoueur chez Mad Lions Madrid<br \/>\n<a href=\"https:\/\/twitter.com\/Gaethaaan\" target=\"_blank\" rel=\"noopener\"><br \/>\n<svg xmlns=\" http:=\" \"=\"\" www.w3.org=\"\" 2000=\"\" svg\"=\"\" x=\"0px\" y=\"0px\" width=\"30\" height=\"30\" viewBox=\"0 0 30 30\" style=\" fill:#000000;\">    <path d=\"M28,6.937c-0.957,0.425-1.985,0.711-3.064,0.84c1.102-0.66,1.947-1.705,2.345-2.951c-1.03,0.611-2.172,1.055-3.388,1.295 c-0.973-1.037-2.359-1.685-3.893-1.685c-2.946,0-5.334,2.389-5.334,5.334c0,0.418,0.048,0.826,0.138,1.215 c-4.433-0.222-8.363-2.346-10.995-5.574C3.351,6.199,3.088,7.115,3.088,8.094c0,1.85,0.941,3.483,2.372,4.439 c-0.874-0.028-1.697-0.268-2.416-0.667c0,0.023,0,0.044,0,0.067c0,2.585,1.838,4.741,4.279,5.23 c-0.447,0.122-0.919,0.187-1.406,0.187c-0.343,0-0.678-0.034-1.003-0.095c0.679,2.119,2.649,3.662,4.983,3.705 c-1.825,1.431-4.125,2.284-6.625,2.284c-0.43,0-0.855-0.025-1.273-0.075c2.361,1.513,5.164,2.396,8.177,2.396 c9.812,0,15.176-8.128,15.176-15.177c0-0.231-0.005-0.461-0.015-0.69C26.38,8.945,27.285,8.006,28,6.937z\"><\/path>\n<\/svg><\/a><br \/>\n<a href=\"https:\/\/www.twitch.tv\/gaethaaan\" target=\"_blank\" rel=\"noopener\"><br \/>\n<svg xmlns=\"http:\/\/www.w3.org\/2000\/svg\" x=\"0px\" y=\"0px\" width=\"30\" height=\"30\" viewBox=\"0 0 30 30\" style=\" fill:#000000;\">    <path d=\"M 6 4 L 4 8 L 4 24 L 9 24 L 9 27 L 13 27 L 16 24 L 20 24 L 26 18 L 26 4 L 6 4 z M 8 6 L 24 6 L 24 17 L 21 20 L 15 20 L 12 23 L 12 20 L 8 20 L 8 6 z M 13 9 L 13 16 L 15 16 L 15 9 L 13 9 z M 17 9 L 17 16 L 19 16 L 19 9 L 17 9 z\"><\/path><\/svg><br \/>\n<\/a><\/p>\n<\/div>\n<div class=\"eyhro-column\">\n<img src=\"https:\/\/eyhrocoaching.com\/wp-content\/uploads\/2022\/09\/Gaethan_320.jpg\" alt=\"\" class=\"wp-image-230\" width=\"320\"><\/div>\n<\/div>\n<\/div>\n<p><!-- FIN BLOCK 4 ============================================================================= --><\/p>\n<p><!-- ======================== DEBUT BLOCK MES OFFRES ================================== --><\/p>\n<h1 class=\"eyhro-offres\">Mon Offre<\/h1>\n<p><!-- ======================== DEBUT OFFRE 1 HEURE ================================== --><br \/>\n<!-- D\u00e9but de widget en ligne Calendly --><\/p>\n<div class=\"eyhro-offre\">\n<h2 class=\"eyhro-h2\">Session 1 heure Coaching<\/h2>\n<div class=\"calendly-inline-widget\" data-url=\"https:\/\/calendly.com\/eyhrocoaching\/session-1h-coaching-bonus-review-op-gg?hide_gdpr_banner=1&amp;background_color=16174b&amp;text_color=ffffff&amp;primary_color=ff8b4d\" style=\"min-width:320px;min-height=900px;height:900px;\"><\/div>\n<p><script type=\"text\/javascript\" src=\"https:\/\/assets.calendly.com\/assets\/external\/widget.js\" async=\"\"><\/script><\/p>\n<\/div>\n<p><!-- Fin de widget en ligne Calendly --><\/p>\n<p><!-- ======================== FIN OFFRE 1 HEURE ================================== --><\/p>\n","protected":false},"excerpt":{"rendered":"<p>Coach League of Legends\u2122 Fini le d\u00e9sespoir et le tilt ! J\u2019ai les solutions \u00e0 tes probl\u00e8mes !&nbsp; Je t\u2019offre une formation gratuite dans laquelle je vais t\u2019apprendre toutes les bonnes habitudes de SoloQ pour atteindre le rang que tu d\u00e9sires et dire adieu \u00e0 ton tilt. Tu en as marre d\u2019\u00eatre bloqu\u00e9 au m\u00eame [&hellip;]<\/p>\n","protected":false},"author":4,"featured_media":0,"parent":0,"menu_order":0,"comment_status":"closed","ping_status":"closed","template":"templates\/template-page-full-width.php","meta":[],"_links":{"self":[{"href":"https:\/\/eyhrocoaching.com\/index.php?rest_route=\/wp\/v2\/pages\/131"}],"collection":[{"href":"https:\/\/eyhrocoaching.com\/index.php?rest_route=\/wp\/v2\/pages"}],"about":[{"href":"https:\/\/eyhrocoaching.com\/index.php?rest_route=\/wp\/v2\/types\/page"}],"author":[{"embeddable":true,"href":"https:\/\/eyhrocoaching.com\/index.php?rest_route=\/wp\/v2\/users\/4"}],"replies":[{"embeddable":true,"href":"https:\/\/eyhrocoaching.com\/index.php?rest_route=%2Fwp%2Fv2%2Fcomments&post=131"}],"version-history":[{"count":82,"href":"https:\/\/eyhrocoaching.com\/index.php?rest_route=\/wp\/v2\/pages\/131\/revisions"}],"predecessor-version":[{"id":409,"href":"https:\/\/eyhrocoaching.com\/index.php?rest_route=\/wp\/v2\/pages\/131\/revisions\/409"}],"wp:attachment":[{"href":"https:\/\/eyhrocoaching.com\/index.php?rest_route=%2Fwp%2Fv2%2Fmedia&parent=131"}],"curies":[{"name":"wp","href":"https:\/\/api.w.org\/{rel}","templated":true}]}}